{"id":8,"date":"2023-11-22T21:14:48","date_gmt":"2023-11-22T20:14:48","guid":{"rendered":"https:\/\/admaasesores.com.ar\/?page_id=8"},"modified":"2023-11-23T21:34:32","modified_gmt":"2023-11-23T20:34:32","slug":"inicio","status":"publish","type":"page","link":"https:\/\/admaasesores.com.ar\/","title":{"rendered":"Inicio"},"content":{"rendered":"\t\t<div data-elementor-type=\"wp-post\" data-elementor-id=\"8\" class=\"elementor elementor-8\">\n\t\t\t\t<div class=\"elementor-element elementor-element-614df99 e-flex e-con-boxed e-con e-parent\" data-id=\"614df99\" data-element_type=\"container\">\n\t\t\t\t\t<div class=\"e-con-inner\">\n\t\t<div class=\"elementor-element elementor-element-b39f3b4 e-con-full e-flex e-con e-child\" data-id=\"b39f3b4\" data-element_type=\"container\">\n\t\t\t\t<div class=\"elementor-element elementor-element-acb38fe elementor-widget elementor-widget-image\" data-id=\"acb38fe\" data-element_type=\"widget\" data-widget_type=\"image.default\">\n\t\t\t\t<div class=\"elementor-widget-container\">\n\t\t\t\t\t\t\t\t\t\t\t\t\t\t\t<img fetchpriority=\"high\" decoding=\"async\" width=\"724\" height=\"231\" src=\"https:\/\/admaasesores.com.ar\/wp-content\/uploads\/2023\/11\/code-block0AWhatsApp-Image-Nov-22-removebg-preview.png\" class=\"attachment-full size-full wp-image-18\" alt=\"Adriana Alonso Seguros Logo\" srcset=\"https:\/\/admaasesores.com.ar\/wp-content\/uploads\/2023\/11\/code-block0AWhatsApp-Image-Nov-22-removebg-preview.png 724w, https:\/\/admaasesores.com.ar\/wp-content\/uploads\/2023\/11\/code-block0AWhatsApp-Image-Nov-22-removebg-preview-300x96.png 300w\" sizes=\"(max-width: 724px) 100vw, 724px\" \/>\t\t\t\t\t\t\t\t\t\t\t\t\t\t\t<\/div>\n\t\t\t\t<\/div>\n\t\t\t\t<\/div>\n\t\t<div class=\"elementor-element elementor-element-a8ab16f e-con-full elementor-hidden-mobile e-flex e-con e-child\" data-id=\"a8ab16f\" data-element_type=\"container\">\n\t\t\t\t<\/div>\n\t\t\t\t\t<\/div>\n\t\t\t\t<\/div>\n\t\t<div class=\"elementor-element elementor-element-a373144 e-flex e-con-boxed e-con e-parent\" data-id=\"a373144\" data-element_type=\"container\">\n\t\t\t\t\t<div class=\"e-con-inner\">\n\t\t<div class=\"elementor-element elementor-element-9cb74e6 e-con-full e-flex e-con e-child\" data-id=\"9cb74e6\" data-element_type=\"container\">\n\t\t\t\t<div class=\"elementor-element elementor-element-75c875d elementor-widget elementor-widget-heading\" data-id=\"75c875d\" data-element_type=\"widget\" data-widget_type=\"heading.default\">\n\t\t\t\t<div class=\"elementor-widget-container\">\n\t\t\t\t\t<h1 class=\"elementor-heading-title elementor-size-default\">Muy cerca tuyo<\/h1>\t\t\t\t<\/div>\n\t\t\t\t<\/div>\n\t\t\t\t<\/div>\n\t\t<div class=\"elementor-element elementor-element-fa86ed8 e-con-full e-flex e-con e-child\" data-id=\"fa86ed8\" data-element_type=\"container\">\n\t\t\t\t<div class=\"elementor-element elementor-element-647bc6e elementor-widget elementor-widget-heading\" data-id=\"647bc6e\" data-element_type=\"widget\" data-widget_type=\"heading.default\">\n\t\t\t\t<div class=\"elementor-widget-container\">\n\t\t\t\t\t<h4 class=\"elementor-heading-title elementor-size-default\">Asegura tu tranquilidad desde la comodidad de tu hogar, con nuestros seguros en l\u00ednea.<\/h4>\t\t\t\t<\/div>\n\t\t\t\t<\/div>\n\t\t\t\t<\/div>\n\t\t\t\t\t<\/div>\n\t\t\t\t<\/div>\n\t\t<div class=\"elementor-element elementor-element-23bffba e-flex e-con-boxed e-con e-parent\" data-id=\"23bffba\" data-element_type=\"container\">\n\t\t\t\t\t<div class=\"e-con-inner\">\n\t\t<div class=\"elementor-element elementor-element-e449073 e-con-full e-flex e-con e-child\" data-id=\"e449073\" data-element_type=\"container\">\n\t\t\t\t<div class=\"elementor-element elementor-element-3a5cfee elementor-widget elementor-widget-image\" data-id=\"3a5cfee\" data-element_type=\"widget\" data-widget_type=\"image.default\">\n\t\t\t\t<div class=\"elementor-widget-container\">\n\t\t\t\t\t\t\t\t\t\t\t\t\t\t\t\t<a href=\"https:\/\/www.rusfreestyle.com.ar\/4659\" target=\"_blank\">\n\t\t\t\t\t\t\t<img decoding=\"async\" width=\"600\" height=\"600\" src=\"https:\/\/admaasesores.com.ar\/wp-content\/uploads\/2023\/11\/laptop-1.png\" class=\"attachment-large size-large wp-image-84\" alt=\"\" srcset=\"https:\/\/admaasesores.com.ar\/wp-content\/uploads\/2023\/11\/laptop-1.png 600w, https:\/\/admaasesores.com.ar\/wp-content\/uploads\/2023\/11\/laptop-1-300x300.png 300w, https:\/\/admaasesores.com.ar\/wp-content\/uploads\/2023\/11\/laptop-1-150x150.png 150w\" sizes=\"(max-width: 600px) 100vw, 600px\" \/>\t\t\t\t\t\t\t\t<\/a>\n\t\t\t\t\t\t\t\t\t\t\t\t\t\t\t<\/div>\n\t\t\t\t<\/div>\n\t\t\t\t<\/div>\n\t\t<div class=\"elementor-element elementor-element-35852d6 e-con-full e-flex e-con e-child\" data-id=\"35852d6\" data-element_type=\"container\">\n\t\t\t\t<div class=\"elementor-element elementor-element-a109ead elementor-widget elementor-widget-image\" data-id=\"a109ead\" data-element_type=\"widget\" data-widget_type=\"image.default\">\n\t\t\t\t<div class=\"elementor-widget-container\">\n\t\t\t\t\t\t\t\t\t\t\t\t\t\t\t\t<a href=\"https:\/\/segurocell.com\/?pid=8685549650016d9e1d14bf972262450b\">\n\t\t\t\t\t\t\t<img decoding=\"async\" width=\"600\" height=\"600\" src=\"https:\/\/admaasesores.com.ar\/wp-content\/uploads\/2023\/11\/smartphone-1.png\" class=\"attachment-large size-large wp-image-85\" alt=\"\" srcset=\"https:\/\/admaasesores.com.ar\/wp-content\/uploads\/2023\/11\/smartphone-1.png 600w, https:\/\/admaasesores.com.ar\/wp-content\/uploads\/2023\/11\/smartphone-1-300x300.png 300w, https:\/\/admaasesores.com.ar\/wp-content\/uploads\/2023\/11\/smartphone-1-150x150.png 150w\" sizes=\"(max-width: 600px) 100vw, 600px\" \/>\t\t\t\t\t\t\t\t<\/a>\n\t\t\t\t\t\t\t\t\t\t\t\t\t\t\t<\/div>\n\t\t\t\t<\/div>\n\t\t\t\t<\/div>\n\t\t<div class=\"elementor-element elementor-element-597d62f e-con-full e-flex e-con e-child\" data-id=\"597d62f\" data-element_type=\"container\">\n\t\t\t\t<div class=\"elementor-element elementor-element-a29d2aa elementor-widget elementor-widget-image\" data-id=\"a29d2aa\" data-element_type=\"widget\" data-widget_type=\"image.default\">\n\t\t\t\t<div class=\"elementor-widget-container\">\n\t\t\t\t\t\t\t\t\t\t\t\t\t\t\t\t<a href=\"https:\/\/motos.rus.com.ar\/4659\" target=\"_blank\">\n\t\t\t\t\t\t\t<img loading=\"lazy\" decoding=\"async\" width=\"600\" height=\"600\" src=\"https:\/\/admaasesores.com.ar\/wp-content\/uploads\/2023\/11\/moto-1.png\" class=\"attachment-large size-large wp-image-83\" alt=\"\" srcset=\"https:\/\/admaasesores.com.ar\/wp-content\/uploads\/2023\/11\/moto-1.png 600w, https:\/\/admaasesores.com.ar\/wp-content\/uploads\/2023\/11\/moto-1-300x300.png 300w, https:\/\/admaasesores.com.ar\/wp-content\/uploads\/2023\/11\/moto-1-150x150.png 150w\" sizes=\"(max-width: 600px) 100vw, 600px\" \/>\t\t\t\t\t\t\t\t<\/a>\n\t\t\t\t\t\t\t\t\t\t\t\t\t\t\t<\/div>\n\t\t\t\t<\/div>\n\t\t\t\t<\/div>\n\t\t<div class=\"elementor-element elementor-element-9a9f2a6 e-con-full e-flex e-con e-child\" data-id=\"9a9f2a6\" data-element_type=\"container\">\n\t\t\t\t<div class=\"elementor-element elementor-element-a59e898 elementor-widget elementor-widget-image\" data-id=\"a59e898\" data-element_type=\"widget\" data-widget_type=\"image.default\">\n\t\t\t\t<div class=\"elementor-widget-container\">\n\t\t\t\t\t\t\t\t\t\t\t\t\t\t\t\t<a href=\"https:\/\/www.rusfreestyle.com.ar\/4659\" target=\"_blank\">\n\t\t\t\t\t\t\t<img loading=\"lazy\" decoding=\"async\" width=\"600\" height=\"600\" src=\"https:\/\/admaasesores.com.ar\/wp-content\/uploads\/2023\/11\/bici-1.png\" class=\"attachment-large size-large wp-image-82\" alt=\"\" srcset=\"https:\/\/admaasesores.com.ar\/wp-content\/uploads\/2023\/11\/bici-1.png 600w, https:\/\/admaasesores.com.ar\/wp-content\/uploads\/2023\/11\/bici-1-300x300.png 300w, https:\/\/admaasesores.com.ar\/wp-content\/uploads\/2023\/11\/bici-1-150x150.png 150w\" sizes=\"(max-width: 600px) 100vw, 600px\" \/>\t\t\t\t\t\t\t\t<\/a>\n\t\t\t\t\t\t\t\t\t\t\t\t\t\t\t<\/div>\n\t\t\t\t<\/div>\n\t\t\t\t<\/div>\n\t\t\t\t\t<\/div>\n\t\t\t\t<\/div>\n\t\t<div class=\"elementor-element elementor-element-a3d47e2 e-flex e-con-boxed e-con e-parent\" data-id=\"a3d47e2\" data-element_type=\"container\">\n\t\t\t\t\t<div class=\"e-con-inner\">\n\t\t<div class=\"elementor-element elementor-element-c841cb9 e-con-full e-flex e-con e-child\" data-id=\"c841cb9\" data-element_type=\"container\">\n\t\t\t\t<div class=\"elementor-element elementor-element-1862c4e elementor-mobile-align-left elementor-icon-list--layout-traditional elementor-list-item-link-full_width elementor-widget elementor-widget-icon-list\" data-id=\"1862c4e\" data-element_type=\"widget\" data-widget_type=\"icon-list.default\">\n\t\t\t\t<div class=\"elementor-widget-container\">\n\t\t\t\t\t\t\t<ul class=\"elementor-icon-list-items\">\n\t\t\t\t\t\t\t<li class=\"elementor-icon-list-item\">\n\t\t\t\t\t\t\t\t\t\t\t<a href=\"https:\/\/maps.app.goo.gl\/S7xKMPduiD1gaGJD7\" target=\"_blank\">\n\n\t\t\t\t\t\t\t\t\t\t\t\t<span class=\"elementor-icon-list-icon\">\n\t\t\t\t\t\t\t<svg aria-hidden=\"true\" class=\"e-font-icon-svg e-fas-map-marker-alt\" viewBox=\"0 0 384 512\" xmlns=\"http:\/\/www.w3.org\/2000\/svg\"><path d=\"M172.268 501.67C26.97 291.031 0 269.413 0 192 0 85.961 85.961 0 192 0s192 85.961 192 192c0 77.413-26.97 99.031-172.268 309.67-9.535 13.774-29.93 13.773-39.464 0zM192 272c44.183 0 80-35.817 80-80s-35.817-80-80-80-80 35.817-80 80 35.817 80 80 80z\"><\/path><\/svg>\t\t\t\t\t\t<\/span>\n\t\t\t\t\t\t\t\t\t\t<span class=\"elementor-icon-list-text\">Mayor Buratovich 159. Plottier. Neuquen (3Q4C+7Q)<\/span>\n\t\t\t\t\t\t\t\t\t\t\t<\/a>\n\t\t\t\t\t\t\t\t\t<\/li>\n\t\t\t\t\t\t\t\t<li class=\"elementor-icon-list-item\">\n\t\t\t\t\t\t\t\t\t\t\t<span class=\"elementor-icon-list-icon\">\n\t\t\t\t\t\t\t<svg aria-hidden=\"true\" class=\"e-font-icon-svg e-fas-phone-alt\" viewBox=\"0 0 512 512\" xmlns=\"http:\/\/www.w3.org\/2000\/svg\"><path d=\"M497.39 361.8l-112-48a24 24 0 0 0-28 6.9l-49.6 60.6A370.66 370.66 0 0 1 130.6 204.11l60.6-49.6a23.94 23.94 0 0 0 6.9-28l-48-112A24.16 24.16 0 0 0 122.6.61l-104 24A24 24 0 0 0 0 48c0 256.5 207.9 464 464 464a24 24 0 0 0 23.4-18.6l24-104a24.29 24.29 0 0 0-14.01-27.6z\"><\/path><\/svg>\t\t\t\t\t\t<\/span>\n\t\t\t\t\t\t\t\t\t\t<span class=\"elementor-icon-list-text\">299-4934140<\/span>\n\t\t\t\t\t\t\t\t\t<\/li>\n\t\t\t\t\t\t\t\t<li class=\"elementor-icon-list-item\">\n\t\t\t\t\t\t\t\t\t\t\t<a href=\"https:\/\/wa.me\/5492995483237\">\n\n\t\t\t\t\t\t\t\t\t\t\t\t<span class=\"elementor-icon-list-icon\">\n\t\t\t\t\t\t\t<svg aria-hidden=\"true\" class=\"e-font-icon-svg e-fas-comment\" viewBox=\"0 0 512 512\" xmlns=\"http:\/\/www.w3.org\/2000\/svg\"><path d=\"M256 32C114.6 32 0 125.1 0 240c0 49.6 21.4 95 57 130.7C44.5 421.1 2.7 466 2.2 466.5c-2.2 2.3-2.8 5.7-1.5 8.7S4.8 480 8 480c66.3 0 116-31.8 140.6-51.4 32.7 12.3 69 19.4 107.4 19.4 141.4 0 256-93.1 256-208S397.4 32 256 32z\"><\/path><\/svg>\t\t\t\t\t\t<\/span>\n\t\t\t\t\t\t\t\t\t\t<span class=\"elementor-icon-list-text\">299-5483237<\/span>\n\t\t\t\t\t\t\t\t\t\t\t<\/a>\n\t\t\t\t\t\t\t\t\t<\/li>\n\t\t\t\t\t\t<\/ul>\n\t\t\t\t\t\t<\/div>\n\t\t\t\t<\/div>\n\t\t\t\t<\/div>\n\t\t<div class=\"elementor-element elementor-element-09395a7 e-con-full e-flex e-con e-child\" data-id=\"09395a7\" data-element_type=\"container\">\n\t\t\t\t<div class=\"elementor-element elementor-element-fa8102d elementor-widget elementor-widget-image\" data-id=\"fa8102d\" data-element_type=\"widget\" data-widget_type=\"image.default\">\n\t\t\t\t<div class=\"elementor-widget-container\">\n\t\t\t\t\t\t\t\t\t\t\t\t\t\t\t<img loading=\"lazy\" decoding=\"async\" width=\"779\" height=\"320\" src=\"https:\/\/admaasesores.com.ar\/wp-content\/uploads\/2023\/11\/WhatsApp_Image_2023-11-22_at_10.01.44-removebg-preview.png\" class=\"attachment-full size-full wp-image-39\" alt=\"SUPERINTENDENCIA DE SEGUROS DE LA NACI\u00d3N\" srcset=\"https:\/\/admaasesores.com.ar\/wp-content\/uploads\/2023\/11\/WhatsApp_Image_2023-11-22_at_10.01.44-removebg-preview.png 779w, https:\/\/admaasesores.com.ar\/wp-content\/uploads\/2023\/11\/WhatsApp_Image_2023-11-22_at_10.01.44-removebg-preview-300x123.png 300w, https:\/\/admaasesores.com.ar\/wp-content\/uploads\/2023\/11\/WhatsApp_Image_2023-11-22_at_10.01.44-removebg-preview-768x315.png 768w\" sizes=\"(max-width: 779px) 100vw, 779px\" \/>\t\t\t\t\t\t\t\t\t\t\t\t\t\t\t<\/div>\n\t\t\t\t<\/div>\n\t\t\t\t<\/div>\n\t\t\t\t\t<\/div>\n\t\t\t\t<\/div>\n\t\t\t\t<\/div>\n\t\t","protected":false},"excerpt":{"rendered":"<p>Muy cerca tuyo Asegura tu tranquilidad desde la comodidad de tu hogar, con nuestros seguros en l\u00ednea. CONSULTANOS AL INSTANTE ASEGUR\u00c1 TU COMPUTADORA ASEGUR\u00c1 TU SMARTPHONE ASEGUR\u00c1 TU MOTO ASEGUR\u00c1 TU BICI O MONOPAT\u00cdN Mayor Buratovich 159. Plottier. Neuquen (3Q4C+7Q) 299-4934140 299-5483237<\/p>\n","protected":false},"author":1,"featured_media":7,"parent":0,"menu_order":0,"comment_status":"closed","ping_status":"closed","template":"elementor_canvas","meta":{"footnotes":""},"_links":{"self":[{"href":"https:\/\/admaasesores.com.ar\/index.php\/wp-json\/wp\/v2\/pages\/8"}],"collection":[{"href":"https:\/\/admaasesores.com.ar\/index.php\/wp-json\/wp\/v2\/pages"}],"about":[{"href":"https:\/\/admaasesores.com.ar\/index.php\/wp-json\/wp\/v2\/types\/page"}],"author":[{"embeddable":true,"href":"https:\/\/admaasesores.com.ar\/index.php\/wp-json\/wp\/v2\/users\/1"}],"replies":[{"embeddable":true,"href":"https:\/\/admaasesores.com.ar\/index.php\/wp-json\/wp\/v2\/comments?post=8"}],"version-history":[{"count":100,"href":"https:\/\/admaasesores.com.ar\/index.php\/wp-json\/wp\/v2\/pages\/8\/revisions"}],"predecessor-version":[{"id":130,"href":"https:\/\/admaasesores.com.ar\/index.php\/wp-json\/wp\/v2\/pages\/8\/revisions\/130"}],"wp:featuredmedia":[{"embeddable":true,"href":"https:\/\/admaasesores.com.ar\/index.php\/wp-json\/wp\/v2\/media\/7"}],"wp:attachment":[{"href":"https:\/\/admaasesores.com.ar\/index.php\/wp-json\/wp\/v2\/media?parent=8"}],"curies":[{"name":"wp","href":"https:\/\/api.w.org\/{rel}","templated":true}]}}